{"id":115,"date":"2023-08-04T13:48:50","date_gmt":"2023-08-04T11:48:50","guid":{"rendered":"http:\/\/extranet.magnadian.com\/pedrocrespo\/?page_id=115"},"modified":"2025-04-21T14:01:29","modified_gmt":"2025-04-21T12:01:29","slug":"obras","status":"publish","type":"page","link":"https:\/\/www.pedrocrespo.es\/index.php\/obras\/","title":{"rendered":"Obras"},"content":{"rendered":"\n<h1>El cuaderno de los cuadernos<\/h1>\n\n\n<div class=\"wp-block-image\">\n<figure class=\"alignleft size-full is-resized\"><img loading=\"lazy\" decoding=\"async\" width=\"303\" height=\"452\" src=\"http:\/\/extranet.magnadian.com\/pedrocrespo\/wp-content\/uploads\/2023\/08\/cuaderno_cuadernos.png\" alt=\"\" class=\"wp-image-118\" style=\"width:262px;height:391px\" srcset=\"https:\/\/www.pedrocrespo.es\/wp-content\/uploads\/2023\/08\/cuaderno_cuadernos.png 303w, https:\/\/www.pedrocrespo.es\/wp-content\/uploads\/2023\/08\/cuaderno_cuadernos-201x300.png 201w\" sizes=\"auto, (max-width: 303px) 100vw, 303px\" \/><\/figure>\n<\/div>\n\n\n<p style=\"text-align:justify\">La ag\u00f3nica aventura amarga de mujer que, al enviudar, descubre soledad absoluta, impostura matrimonial, existencial y religiosa, contada por un cuaderno.<\/p>\n\n\n\n<p style=\"text-align:justify\">Estamos ante una novela compleja en su sencillez; sencilla en su complejidad.<\/p>\n\n\n\n<p style=\"text-align:justify\">Do\u00f1a Rosario, su protagonista, descubre al poco de enviudar, que toda su vida ha sido un fraude, una farsa, una impostura. A la soledad m\u00e1s absoluta (orfandad familiar) viene a sumarse el descubrimiento, no solo de la infidelidad sino de la doble vida de un marido, en apariencia, tan ejemplar como anodino.<\/p>\n\n\n\n<p style=\"text-align:justify\">Esta historia, peque\u00f1oburguesa y vulgar, est\u00e1 narrada -primera novedad- por un cuaderno que se erige en portavoz de toda la novela: el cuaderno de los cuadernos. Otros cuadernos desembocan, como afluentes, en el primero y principal.<\/p>\n\n\n\n<p style=\"text-align:justify\">Pero, no siendo poco lo descrito, ha de a\u00f1adirse que tal narrador -una voz- se debe a un autor, que lo crea y maneja como un deus ex machina. Y, adem\u00e1s, unos lectores de ficci\u00f3n (metafictivos) leen y comentan la propia novela, insertados en la misma. De modo que el lector emp\u00edrico, el lector de carne y hueso: t\u00fa, s\u00ed, lector, que me sostienes entre las manos, y ahora me lees, completas la trama y la historia.<\/p>\n\n\n\n<figure  style=\"float:left\" ><a href=\"https:\/\/amzn.eu\/d\/6vBrZ7m\" target=\"_blank\" rel=\"noopener\"><img width=\"50\" height=\"50\"src=\"https:\/\/www.pedrocrespo.es\/wp-content\/uploads\/2023\/08\/logo_amazon1.png\" alt=\"\"\/><\/a><\/figure>\n\n\n\n<figure  style=\"float:left\" ><a href=\"https:\/\/www.casadellibro.com\/libro-i-b-d--el-cuaderno-de-los-cuadernos\/9788491121695\/2664555\" target=\"_blank\" rel=\"noopener\"><img loading=\"lazy\" decoding=\"async\" width=\"50\" height=\"50\" src=\"https:\/\/www.pedrocrespo.es\/wp-content\/uploads\/2023\/08\/logo_casa1.png\" alt=\"\"\/><\/a><\/figure>\n\n\n\n<figure style=\"float:left\"><a href=\"https:\/\/www.fnac.es\/a2927164\/El-cuaderno-de-los-cuadernos\" target=\"_blank\" rel=\"noopener\"><img loading=\"lazy\" decoding=\"async\"  width=\"50\" height=\"50\" style=\"margin-left:3px\" src=\"https:\/\/www.pedrocrespo.es\/wp-content\/uploads\/2023\/08\/logo_fnac1.png\" alt=\"\"\/><\/a><\/figure>\n\n\n\n<h1>Te despiden mis ojos<\/h1>\n\n\n<div class=\"wp-block-image\">\n<figure class=\"alignright size-full is-resized\"><img loading=\"lazy\" decoding=\"async\" width=\"270\" height=\"412\" src=\"http:\/\/extranet.magnadian.com\/pedrocrespo\/wp-content\/uploads\/2023\/08\/te_despiden_mis_ojos.png\" alt=\"\" class=\"wp-image-125\" style=\"width:205px;height:313px\" srcset=\"https:\/\/www.pedrocrespo.es\/wp-content\/uploads\/2023\/08\/te_despiden_mis_ojos.png 270w, https:\/\/www.pedrocrespo.es\/wp-content\/uploads\/2023\/08\/te_despiden_mis_ojos-197x300.png 197w\" sizes=\"auto, (max-width: 270px) 100vw, 270px\" \/><\/figure>\n<\/div>\n\n\n<p style=\"text-align:justify\">Una imagen vale m\u00e1s que mil palabras; imagina por un instante que con palabras puedes formar una imagen viva, que transporte al lector a un mundo donde el sentimiento fluye sin control, ya sea un manantial de amor, angustia, dolor, rebeld\u00eda, ocio o felicidad; de sobra es sabido que todos estos cauces terminan mezclados en el coraz\u00f3n. De ah\u00ed sale esta obra y all\u00ed espera volver tras la lectura. Te despiden mis ojos 101 haikus Esencia po\u00e9tica l\u00edrica. Poes\u00eda esencial. Tal es el haiku: poema tan breve como intenso. El poeta (haijin) es el art\u00edfice taxidermista de un instante \u00fanico, natural e inefable. Un artista capaz de plasmar en 17 s\u00edlabas (5 7 5) una sensaci\u00f3n fugaz de forma imperecedera. Aqu\u00ed figuran \u00a1aleteando! 101 sensaciones. Tus ojos, lector, su luz.<\/p>\n\n\n\n<figure  style=\"float:left\" ><a href=\"https:\/\/www.amazon.es\/Te-despiden-mis-ojos-Colecci%C3%B3n\/dp\/8494975749\/ref=sr_1_1?__mk_es_ES=%C3%85M%C3%85%C5%BD%C3%95%C3%91&#038;crid=2RTHJN23SR5C4&#038;keywords=te+despiden+mis+ojos&#038;qid=1693462799&#038;s=books&#038;sprefix=te+despiden+mis+ojo%2Cstripbooks%2C99&#038;sr=1-1\" target=\"_blank\" rel=\"noopener\"><img width=\"50\" height=\"50\"src=\"https:\/\/www.pedrocrespo.es\/wp-content\/uploads\/2023\/08\/logo_amazon1.png\" alt=\"\"\/><\/a><\/figure>\n\n\n\n<figure  style=\"float:left\" ><a href=\"https:\/\/www.casadellibro.com\/libro-te-despiden-mis-ojos-coleccion-de-101-haikus\/9788494975745\/9079781\" target=\"_blank\" rel=\"noopener\"><img loading=\"lazy\" decoding=\"async\" width=\"50\" height=\"50\" src=\"https:\/\/www.pedrocrespo.es\/wp-content\/uploads\/2023\/08\/logo_casa1.png\" alt=\"\"\/><\/a><\/figure>\n\n\n\n<h1>Cuentos, canciones, costumbres, creencias, trabalenguas y otros textos de Sayago<\/h1>\n\n\n<div class=\"wp-block-image\">\n<figure class=\"alignleft size-full is-resized\"><img loading=\"lazy\" decoding=\"async\" width=\"378\" height=\"565\" src=\"http:\/\/extranet.magnadian.com\/pedrocrespo\/wp-content\/uploads\/2023\/08\/textos_sayago.png\" alt=\"\" class=\"wp-image-130\" style=\"width:246px;height:368px\" srcset=\"https:\/\/www.pedrocrespo.es\/wp-content\/uploads\/2023\/08\/textos_sayago.png 378w, https:\/\/www.pedrocrespo.es\/wp-content\/uploads\/2023\/08\/textos_sayago-201x300.png 201w\" sizes=\"auto, (max-width: 378px) 100vw, 378px\" \/><\/figure>\n<\/div>\n\n\n<p><p style=\"text-align: justify\">\u00abCuentos, canciones, costumbres, creencias, trabalenguas y otros textos de Sayago\u00bb da nombre al t\u00edtulo n\u00famero 36 de la colecci\u00f3n Biblioteca de Cultura Tradicional Zamorana que incorporara as\u00ed a Pedro Crespo Refoyo entre sus autores.<\/p><\/p>\n\n\n\n<p><p style=\"text-align: justify\">Un trabajo donde \u00abla palabra es el principio y el fin\u00bb explica el investigador que recopil\u00f3 la informaci\u00f3n entre los meses de abril y septiembre de 1988 en pueblos como Torrefrades, Pereruela, Fresno o Carbellino de Sayago; tambi\u00e9n en dehesas. El material que da vida a la obra \u00abest\u00e1 compuesto por cuentos, leyendas, supersticiones, juegos y usos o costumbres en cuanto a la prosa.<\/p><\/p>\n\n\n\n<p><p style=\"text-align: justify\">El verso lo forman trabalenguas, acertijos o adivinanzas, canciones, romances, villancicos y poemas varios, as\u00ed como refranes o dichos populares pr\u00f3ximos al aforismo\u00bb.<\/p><\/p>\n\n\n\n<p><p style=\"text-align: justify\">Como afirma el propio Crespo Refoyo en el prefacio, \u00abel estudioso es un negro, un mero amanuense, que se limita a copiar lo que le dicta el maestro narrador\u00bb. Es un trabajo que \u00abse ocupa de folclore y por ello recoge tradiciones, usos, creencias, leyendas, canciones y literaturas populares\u00bb.<\/p><\/p>\n\n\n\n<p><p style=\"text-align: justify\">El libro ha sido presentado en la Diputaci\u00f3n de Zamora por el propio autor acompa\u00f1ado del diputado de Cultura, Jos\u00e9 Luis Berm\u00fadez, y el responsable de Editorial Semuret, Luis Gonz\u00e1lez, impulsores de la Biblioteca de Cultura Tradicional Zamorana, cuyo director es Juan Manuel Rodr\u00edguez Iglesias.\u00bb<\/p><\/p>\n\n\n\n<figure style=\"float:left\"><a href=\"https:\/\/semuret.com\/producto\/cuentos-canciones-costumbres-creencias-trabalenguas-y-otros-textos-de-sayago\/\" target=\"_blank\" rel=\"noopener\"><img loading=\"lazy\" decoding=\"async\" width=\"40\" height=\"40\" src=\"https:\/\/www.pedrocrespo.es\/wp-content\/uploads\/2023\/08\/logo_semuret1.png\" alt=\"\"\/><\/a><\/figure>\n\n\n\n<figure  style=\"float:left\" ><a href=\"https:\/\/www.casadellibro.com\/libro-cuentos-canciones-costumbres-creencias-trabalenguas-y-otros-textos-de-sayago\/9788494404771\/4724812\" target=\"_blank\" rel=\"noopener\"><img loading=\"lazy\" decoding=\"async\" width=\"50\" height=\"50\" src=\"https:\/\/www.pedrocrespo.es\/wp-content\/uploads\/2023\/08\/logo_casa1.png\" alt=\"\"\/><\/a><\/figure>\n\n\n\n<h1 class=\"wp-block-heading\">El misterio del gato Emeterio<\/h1>\n\n\n<div class=\"wp-block-image\">\n<figure class=\"alignright size-large is-resized\"><img loading=\"lazy\" decoding=\"async\" width=\"1024\" height=\"769\" src=\"https:\/\/www.pedrocrespo.es\/wp-content\/uploads\/2025\/04\/elmisteriodelgatoemeterio-1024x769.png\" alt=\"\" class=\"wp-image-466\" style=\"width:382px;height:auto\" srcset=\"https:\/\/www.pedrocrespo.es\/wp-content\/uploads\/2025\/04\/elmisteriodelgatoemeterio-1024x769.png 1024w, https:\/\/www.pedrocrespo.es\/wp-content\/uploads\/2025\/04\/elmisteriodelgatoemeterio-300x225.png 300w, https:\/\/www.pedrocrespo.es\/wp-content\/uploads\/2025\/04\/elmisteriodelgatoemeterio-768x577.png 768w, https:\/\/www.pedrocrespo.es\/wp-content\/uploads\/2025\/04\/elmisteriodelgatoemeterio.png 1200w\" sizes=\"auto, (max-width: 767px) 89vw, (max-width: 1000px) 54vw, (max-width: 1071px) 543px, 580px\" \/><\/figure>\n<\/div>\n\n\n<p style=\"text-align: justify\">Amor y desamor. Alegr\u00eda y dolor. Gatos y gatas: los unos, unidos; lejanos y ajenos, los otros. Las caras del mundo. El d\u00eda y la noche. Gallos de corral y gallos eruditos. Aves y gansos en un mismo concierto. Consejos y agravios. La dial\u00e9ctica y astucia de una zorra vencida. Ovejas y un tren con un pastor abnegado. Versos y moralejas. F\u00e1bulas de hoga\u00f1o con sabores de anta\u00f1o. Conmover y mover.<\/p>\n\n\n\n<p style=\"text-align: justify\">En estas p\u00e1ginas, lector, anida y aletea en ciernes un mundo que espera esos tus ojos para echar a volar.<\/p>\n\n\n\n<figure class=\"wp-block-image alignleft size-large is-resized\"><a href=\"https:\/\/apuleyoediciones.com\/producto\/el-misterio-del-gato-emeterio\/\" target=\"_blank\"><img decoding=\"async\" src=\"https:\/\/www.pedrocrespo.es\/wp-content\/uploads\/2025\/04\/logo_apuleyoediciones.png\" alt=\"\" style=\"object-fit:cover;width:40px;height:40px\"\/><\/a>\n<\/figure><figure class=\"wp-block-image size-large is-resized\"><a href=\"https:\/\/www.agapea.com\/Pedro-Crespo-Refoyo\/El-misterio-del-gato-Emeterio-y-otras-fabulas-para-ninos-y-abuelos-9788410602038-i.htm?srsltid=AfmBOopqa1I0EzABItzjB_dAg0IziASCjYovHzGEU2qTPTdHQkCmZ8VB\" target=\"_blank\"><img decoding=\"async\" src=\"https:\/\/www.pedrocrespo.es\/wp-content\/uploads\/2025\/04\/logo_agapea.png\" alt=\"\" style=\"object-fit:cover;width:40px;height:40px\"\/><\/a><\/figure>\n\n\n\n<p><\/p>\n","protected":false},"excerpt":{"rendered":"<p>El cuaderno de los cuadernos La ag\u00f3nica aventura amarga de mujer que, al enviudar, descubre soledad absoluta, impostura matrimonial, existencial y religiosa, contada por un cuaderno. Estamos ante una novela compleja en su sencillez; sencilla en su complejidad. Do\u00f1a Rosario, su protagonista, descubre al poco de enviudar, que toda su vida ha sido un fraude, &hellip; <\/p>\n<p class=\"link-more\"><a href=\"https:\/\/www.pedrocrespo.es\/index.php\/obras\/\" class=\"more-link\">Continuar leyendo<span class=\"screen-reader-text\"> \u00abObras\u00bb<\/span><\/a><\/p>\n","protected":false},"author":1,"featured_media":0,"parent":0,"menu_order":0,"comment_status":"closed","ping_status":"closed","template":"","meta":{"footnotes":""},"class_list":["post-115","page","type-page","status-publish","hentry"],"_links":{"self":[{"href":"https:\/\/www.pedrocrespo.es\/index.php\/wp-json\/wp\/v2\/pages\/115","targetHints":{"allow":["GET"]}}],"collection":[{"href":"https:\/\/www.pedrocrespo.es\/index.php\/wp-json\/wp\/v2\/pages"}],"about":[{"href":"https:\/\/www.pedrocrespo.es\/index.php\/wp-json\/wp\/v2\/types\/page"}],"author":[{"embeddable":true,"href":"https:\/\/www.pedrocrespo.es\/index.php\/wp-json\/wp\/v2\/users\/1"}],"replies":[{"embeddable":true,"href":"https:\/\/www.pedrocrespo.es\/index.php\/wp-json\/wp\/v2\/comments?post=115"}],"version-history":[{"count":33,"href":"https:\/\/www.pedrocrespo.es\/index.php\/wp-json\/wp\/v2\/pages\/115\/revisions"}],"predecessor-version":[{"id":474,"href":"https:\/\/www.pedrocrespo.es\/index.php\/wp-json\/wp\/v2\/pages\/115\/revisions\/474"}],"wp:attachment":[{"href":"https:\/\/www.pedrocrespo.es\/index.php\/wp-json\/wp\/v2\/media?parent=115"}],"curies":[{"name":"wp","href":"https:\/\/api.w.org\/{rel}","templated":true}]}}