{"id":14,"date":"2023-07-28T13:37:00","date_gmt":"2023-07-28T11:37:00","guid":{"rendered":"http:\/\/extranet.magnadian.com\/pedrocrespo\/?page_id=14"},"modified":"2023-08-31T09:46:06","modified_gmt":"2023-08-31T07:46:06","slug":"acerca-de","status":"publish","type":"page","link":"https:\/\/www.pedrocrespo.es\/index.php\/acerca-de\/","title":{"rendered":"Acerca del autor"},"content":{"rendered":"<div class=\"wp-block-image\">\n<figure class=\"alignleft size-full is-resized\"><img loading=\"lazy\" decoding=\"async\" src=\"http:\/\/extranet.magnadian.com\/pedrocrespo\/wp-content\/uploads\/2023\/08\/pedro_crespo.jpg\" alt=\"\" class=\"wp-image-105\" style=\"width:190px;height:255px\" style=\"width:190px;height:255px\" width=\"190\" height=\"255\" srcset=\"https:\/\/www.pedrocrespo.es\/wp-content\/uploads\/2023\/08\/pedro_crespo.jpg 298w, https:\/\/www.pedrocrespo.es\/wp-content\/uploads\/2023\/08\/pedro_crespo-224x300.jpg 224w\" sizes=\"auto, (max-width: 190px) 100vw, 190px\" \/><\/figure>\n<\/div>\n\n\n<p style=\"text-align: justify\">Pedro Crespo Refoyo (Zamora, 10 de Marzo de 1955) es profesor de Ense\u00f1anza Secundaria y funcionario. Reside en Madrid desde hace cuatro d\u00e9cadas. Inicio sus estudios de p\u00e1rvulos en Zamora, curso el bachillerato en Toro y se licenci\u00f3 por la Universidad de Salamanca en Filolog\u00eda Hisp\u00e1nica, doctor\u00e1ndose despu\u00e9s 1992 en la UNED con una tesis medieval, titulada \u201cAmor, muerte y religi\u00f3n en el Cancionero de Baena\u201d.<\/p>\n\n\n\n<p><p style=\"text-align:justify\">Ha colaborado en prensa con art\u00edculos de opini\u00f3n y en revistas especializadas con recensiones y art\u00edculos sobre la Edad Media, la poes\u00eda de Claudio Rodr\u00edguez, en la que figura como experto en la biograf\u00eda del autor, al menos con cinco art\u00edculos y prepara un libro ensay\u00edstico sobre el mismo.<\/p><\/p>\n\n\n\n<p><p style=\"text-align:justify\">Adem\u00e1s de la tesis doctoral, es autor de las siguientes obras: \u201cEl cuaderno de los cuadernos-novela\u201d, \u201cCuentos, canciones, costumbres, creencias\u201d Folklore, y \u201cTe despiden mis ojos\u201d 101 haikus.<\/p><\/p>\n\n\n\n<p><p style=\"text-align:justify\">Participa constantemente en recitales y lecturas, eventos culturales, concursos literarios y revistas de especialidad.<\/p><\/p>\n","protected":false},"excerpt":{"rendered":"<p>Pedro Crespo Refoyo (Zamora, 10 de Marzo de 1955) es profesor de Ense\u00f1anza Secundaria y funcionario. Reside en Madrid desde hace cuatro d\u00e9cadas. Inicio sus estudios de p\u00e1rvulos en Zamora, curso el bachillerato en Toro y se licenci\u00f3 por la Universidad de Salamanca en Filolog\u00eda Hisp\u00e1nica, doctor\u00e1ndose despu\u00e9s 1992 en la UNED con una tesis &hellip; <\/p>\n<p class=\"link-more\"><a href=\"https:\/\/www.pedrocrespo.es\/index.php\/acerca-de\/\" class=\"more-link\">Continuar leyendo<span class=\"screen-reader-text\"> \u00abAcerca del autor\u00bb<\/span><\/a><\/p>\n","protected":false},"author":1,"featured_media":0,"parent":0,"menu_order":0,"comment_status":"closed","ping_status":"closed","template":"","meta":{"footnotes":""},"class_list":["post-14","page","type-page","status-publish","hentry"],"_links":{"self":[{"href":"https:\/\/www.pedrocrespo.es\/index.php\/wp-json\/wp\/v2\/pages\/14","targetHints":{"allow":["GET"]}}],"collection":[{"href":"https:\/\/www.pedrocrespo.es\/index.php\/wp-json\/wp\/v2\/pages"}],"about":[{"href":"https:\/\/www.pedrocrespo.es\/index.php\/wp-json\/wp\/v2\/types\/page"}],"author":[{"embeddable":true,"href":"https:\/\/www.pedrocrespo.es\/index.php\/wp-json\/wp\/v2\/users\/1"}],"replies":[{"embeddable":true,"href":"https:\/\/www.pedrocrespo.es\/index.php\/wp-json\/wp\/v2\/comments?post=14"}],"version-history":[{"count":13,"href":"https:\/\/www.pedrocrespo.es\/index.php\/wp-json\/wp\/v2\/pages\/14\/revisions"}],"predecessor-version":[{"id":395,"href":"https:\/\/www.pedrocrespo.es\/index.php\/wp-json\/wp\/v2\/pages\/14\/revisions\/395"}],"wp:attachment":[{"href":"https:\/\/www.pedrocrespo.es\/index.php\/wp-json\/wp\/v2\/media?parent=14"}],"curies":[{"name":"wp","href":"https:\/\/api.w.org\/{rel}","templated":true}]}}